{"id":427,"date":"2022-03-23T11:16:14","date_gmt":"2022-03-23T10:16:14","guid":{"rendered":"https:\/\/esamed.fr\/?page_id=427"},"modified":"2022-04-07T12:47:21","modified_gmt":"2022-04-07T10:47:21","slug":"notre-metier","status":"publish","type":"page","link":"https:\/\/esamed.fr\/index.php\/notre-metier\/","title":{"rendered":"Notre m\u00e9tier"},"content":{"rendered":"\t\t<div data-elementor-type=\"wp-page\" data-elementor-id=\"427\" class=\"elementor elementor-427\">\n\t\t\t\t\t\t<section class=\"elementor-section elementor-top-section elementor-element elementor-element-f066eb6 elementor-section-full_width elementor-section-stretched elementor-section-height-default elementor-section-height-default elementor-invisible\" data-id=\"f066eb6\" data-element_type=\"section\" data-e-type=\"section\" data-settings=\"{&quot;stretch_section&quot;:&quot;section-stretched&quot;,&quot;animation&quot;:&quot;fadeIn&quot;}\">\n\t\t\t\t\t\t<div class=\"elementor-container elementor-column-gap-default\">\n\t\t\t\t\t<div class=\"elementor-column elementor-col-100 elementor-top-column elementor-element elementor-element-9a58d58\" data-id=\"9a58d58\" data-element_type=\"column\" data-e-type=\"column\">\n\t\t\t<div class=\"elementor-widget-wrap elementor-element-populated\">\n\t\t\t\t\t\t<div class=\"elementor-element elementor-element-175120f elementor-widget elementor-widget-image\" data-id=\"175120f\" data-element_type=\"widget\" data-e-type=\"widget\" data-widget_type=\"image.default\">\n\t\t\t\t<div class=\"elementor-widget-container\">\n\t\t\t\t\t\t\t\t\t\t\t\t\t\t\t<img decoding=\"async\" src=\"https:\/\/i0.wp.com\/esamed.fr\/wp-content\/uploads\/2022\/03\/A-propos-ESAMED.png?ssl=1\" title=\"\" alt=\"\" loading=\"lazy\" data-recalc-dims=\"1\" \/>\t\t\t\t\t\t\t\t\t\t\t\t\t\t\t<\/div>\n\t\t\t\t<\/div>\n\t\t\t\t\t<\/div>\n\t\t<\/div>\n\t\t\t\t\t<\/div>\n\t\t<\/section>\n\t\t\t\t<section class=\"elementor-section elementor-top-section elementor-element elementor-element-43edbb0 elementor-section-boxed elementor-section-height-default elementor-section-height-default\" data-id=\"43edbb0\" data-element_type=\"section\" data-e-type=\"section\">\n\t\t\t\t\t\t<div class=\"elementor-container elementor-column-gap-default\">\n\t\t\t\t\t<div class=\"elementor-column elementor-col-33 elementor-top-column elementor-element elementor-element-76afd9c\" data-id=\"76afd9c\" data-element_type=\"column\" data-e-type=\"column\">\n\t\t\t<div class=\"elementor-widget-wrap elementor-element-populated\">\n\t\t\t\t\t\t<div class=\"elementor-element elementor-element-62e3473 elementor-view-stacked elementor-shape-circle elementor-widget elementor-widget-icon\" data-id=\"62e3473\" data-element_type=\"widget\" data-e-type=\"widget\" data-widget_type=\"icon.default\">\n\t\t\t\t<div class=\"elementor-widget-container\">\n\t\t\t\t\t\t\t<div class=\"elementor-icon-wrapper\">\n\t\t\t<div class=\"elementor-icon\">\n\t\t\t<i aria-hidden=\"true\" class=\"fas fa-balance-scale-right\"><\/i>\t\t\t<\/div>\n\t\t<\/div>\n\t\t\t\t\t\t<\/div>\n\t\t\t\t<\/div>\n\t\t\t\t\t<\/div>\n\t\t<\/div>\n\t\t\t\t<div class=\"elementor-column elementor-col-33 elementor-top-column elementor-element elementor-element-84a5356\" data-id=\"84a5356\" data-element_type=\"column\" data-e-type=\"column\">\n\t\t\t<div class=\"elementor-widget-wrap elementor-element-populated\">\n\t\t\t\t\t\t<div class=\"elementor-element elementor-element-14b9a2e elementor-view-stacked elementor-shape-circle elementor-widget elementor-widget-icon\" data-id=\"14b9a2e\" data-element_type=\"widget\" data-e-type=\"widget\" data-widget_type=\"icon.default\">\n\t\t\t\t<div class=\"elementor-widget-container\">\n\t\t\t\t\t\t\t<div class=\"elementor-icon-wrapper\">\n\t\t\t<div class=\"elementor-icon\">\n\t\t\t<i aria-hidden=\"true\" class=\"fas fa-industry\"><\/i>\t\t\t<\/div>\n\t\t<\/div>\n\t\t\t\t\t\t<\/div>\n\t\t\t\t<\/div>\n\t\t\t\t\t<\/div>\n\t\t<\/div>\n\t\t\t\t<div class=\"elementor-column elementor-col-33 elementor-top-column elementor-element elementor-element-3347698\" data-id=\"3347698\" data-element_type=\"column\" data-e-type=\"column\">\n\t\t\t<div class=\"elementor-widget-wrap elementor-element-populated\">\n\t\t\t\t\t\t<div class=\"elementor-element elementor-element-66dca98 elementor-view-stacked elementor-shape-circle elementor-widget elementor-widget-icon\" data-id=\"66dca98\" data-element_type=\"widget\" data-e-type=\"widget\" data-widget_type=\"icon.default\">\n\t\t\t\t<div class=\"elementor-widget-container\">\n\t\t\t\t\t\t\t<div class=\"elementor-icon-wrapper\">\n\t\t\t<div class=\"elementor-icon\">\n\t\t\t<i aria-hidden=\"true\" class=\"fas fa-tasks\"><\/i>\t\t\t<\/div>\n\t\t<\/div>\n\t\t\t\t\t\t<\/div>\n\t\t\t\t<\/div>\n\t\t\t\t\t<\/div>\n\t\t<\/div>\n\t\t\t\t\t<\/div>\n\t\t<\/section>\n\t\t\t\t<section class=\"elementor-section elementor-top-section elementor-element elementor-element-bd375c1 elementor-section-boxed elementor-section-height-default elementor-section-height-default\" data-id=\"bd375c1\" data-element_type=\"section\" data-e-type=\"section\">\n\t\t\t\t\t\t<div class=\"elementor-container elementor-column-gap-default\">\n\t\t\t\t\t<div class=\"elementor-column elementor-col-33 elementor-top-column elementor-element elementor-element-81571e1\" data-id=\"81571e1\" data-element_type=\"column\" data-e-type=\"column\">\n\t\t\t<div class=\"elementor-widget-wrap elementor-element-populated\">\n\t\t\t\t\t\t<div class=\"elementor-element elementor-element-67e8c89 elementor-widget elementor-widget-text-editor\" data-id=\"67e8c89\" data-element_type=\"widget\" data-e-type=\"widget\" data-widget_type=\"text-editor.default\">\n\t\t\t\t<div class=\"elementor-widget-container\">\n\t\t\t\t\t\t\t\t\t<p style=\"text-align: center;\"><span style=\"text-decoration-line: underline; color: #333333;\"><strong>EVALUATION<\/strong><\/span><\/p><p style=\"text-align: center;\"><strong><em>Identifier les attentes, les \u00e9l\u00e9ments manquant \/ les faiblesses mais surtout les forces sur lesquelles s\u2019appuyer et les opportunit\u00e9s<\/em><\/strong><\/p><p><strong><em>\u00a0<\/em><\/strong><\/p><p style=\"text-align: center;\"><strong><em>Parce que l\u2019\u00e9valuation est \u00e0 la strat\u00e9gie, ce que les fondations sont \u00e0 une maison\u00a0!<\/em><\/strong><\/p>\t\t\t\t\t\t\t\t<\/div>\n\t\t\t\t<\/div>\n\t\t\t\t\t<\/div>\n\t\t<\/div>\n\t\t\t\t<div class=\"elementor-column elementor-col-33 elementor-top-column elementor-element elementor-element-682c8ea\" data-id=\"682c8ea\" data-element_type=\"column\" data-e-type=\"column\">\n\t\t\t<div class=\"elementor-widget-wrap elementor-element-populated\">\n\t\t\t\t\t\t<div class=\"elementor-element elementor-element-f089423 elementor-widget elementor-widget-text-editor\" data-id=\"f089423\" data-element_type=\"widget\" data-e-type=\"widget\" data-widget_type=\"text-editor.default\">\n\t\t\t\t<div class=\"elementor-widget-container\">\n\t\t\t\t\t\t\t\t\t<p style=\"text-align: center;\"><span style=\"text-decoration-line: underline; color: #333333;\"><strong>STRATEGIE<\/strong><\/span><\/p><p style=\"text-align: center;\"><strong><em>Une strat\u00e9gie ambitieuse mais r\u00e9alisable<\/em><\/strong><\/p><p style=\"text-align: center;\"><strong><em>Bas\u00e9e sur l\u2019innovation par l\u2019exp\u00e9rience<\/em><\/strong><\/p><p style=\"text-align: center;\"><strong><em>Parce que tous les projets ont quelque chose de diff\u00e9rent<\/em><\/strong><\/p>\t\t\t\t\t\t\t\t<\/div>\n\t\t\t\t<\/div>\n\t\t\t\t\t<\/div>\n\t\t<\/div>\n\t\t\t\t<div class=\"elementor-column elementor-col-33 elementor-top-column elementor-element elementor-element-38290fa\" data-id=\"38290fa\" data-element_type=\"column\" data-e-type=\"column\">\n\t\t\t<div class=\"elementor-widget-wrap elementor-element-populated\">\n\t\t\t\t\t\t<div class=\"elementor-element elementor-element-4d63f95 elementor-widget elementor-widget-text-editor\" data-id=\"4d63f95\" data-element_type=\"widget\" data-e-type=\"widget\" data-widget_type=\"text-editor.default\">\n\t\t\t\t<div class=\"elementor-widget-container\">\n\t\t\t\t\t\t\t\t\t<p style=\"text-align: center;\"><span style=\"text-decoration-line: underline; color: #333333;\"><strong>ACTION<\/strong><\/span><\/p><p style=\"text-align: center;\"><strong><em>Un plan d\u2019action personnalis\u00e9 et transversal pour obtenir \u00a0un maximum d\u2019adh\u00e9sion de la part des \u00e9quipes<\/em><\/strong><\/p>\t\t\t\t\t\t\t\t<\/div>\n\t\t\t\t<\/div>\n\t\t\t\t\t<\/div>\n\t\t<\/div>\n\t\t\t\t\t<\/div>\n\t\t<\/section>\n\t\t\t\t<section class=\"elementor-section elementor-top-section elementor-element elementor-element-754e304 elementor-section-boxed elementor-section-height-default elementor-section-height-default\" data-id=\"754e304\" data-element_type=\"section\" data-e-type=\"section\">\n\t\t\t\t\t\t<div class=\"elementor-container elementor-column-gap-default\">\n\t\t\t\t\t<div class=\"elementor-column elementor-col-100 elementor-top-column elementor-element elementor-element-48fefc0\" data-id=\"48fefc0\" data-element_type=\"column\" data-e-type=\"column\">\n\t\t\t<div class=\"elementor-widget-wrap elementor-element-populated\">\n\t\t\t\t\t\t<div class=\"elementor-element elementor-element-273de60 elementor-widget elementor-widget-image\" data-id=\"273de60\" data-element_type=\"widget\" data-e-type=\"widget\" data-widget_type=\"image.default\">\n\t\t\t\t<div class=\"elementor-widget-container\">\n\t\t\t\t\t\t\t\t\t\t\t\t\t\t\t<img fetchpriority=\"high\" decoding=\"async\" width=\"768\" height=\"437\" src=\"https:\/\/i0.wp.com\/esamed.fr\/wp-content\/uploads\/2022\/03\/Notre-metier.png?fit=768%2C437&amp;ssl=1\" class=\"attachment-medium_large size-medium_large wp-image-460\" alt=\"\" srcset=\"https:\/\/i0.wp.com\/esamed.fr\/wp-content\/uploads\/2022\/03\/Notre-metier.png?w=3631&amp;ssl=1 3631w, https:\/\/i0.wp.com\/esamed.fr\/wp-content\/uploads\/2022\/03\/Notre-metier.png?resize=300%2C171&amp;ssl=1 300w, https:\/\/i0.wp.com\/esamed.fr\/wp-content\/uploads\/2022\/03\/Notre-metier.png?resize=1024%2C583&amp;ssl=1 1024w, https:\/\/i0.wp.com\/esamed.fr\/wp-content\/uploads\/2022\/03\/Notre-metier.png?resize=768%2C437&amp;ssl=1 768w, https:\/\/i0.wp.com\/esamed.fr\/wp-content\/uploads\/2022\/03\/Notre-metier.png?resize=1536%2C875&amp;ssl=1 1536w, https:\/\/i0.wp.com\/esamed.fr\/wp-content\/uploads\/2022\/03\/Notre-metier.png?resize=2048%2C1166&amp;ssl=1 2048w, https:\/\/i0.wp.com\/esamed.fr\/wp-content\/uploads\/2022\/03\/Notre-metier.png?resize=105%2C60&amp;ssl=1 105w, https:\/\/i0.wp.com\/esamed.fr\/wp-content\/uploads\/2022\/03\/Notre-metier.png?w=3000&amp;ssl=1 3000w\" sizes=\"(max-width: 768px) 100vw, 768px\" \/>\t\t\t\t\t\t\t\t\t\t\t\t\t\t\t<\/div>\n\t\t\t\t<\/div>\n\t\t\t\t\t<\/div>\n\t\t<\/div>\n\t\t\t\t\t<\/div>\n\t\t<\/section>\n\t\t\t\t<\/div>\n\t\t","protected":false},"excerpt":{"rendered":"<p>EVALUATION Identifier les attentes, les \u00e9l\u00e9ments manquant \/ les faiblesses mais surtout les forces sur lesquelles s\u2019appuyer et les opportunit\u00e9s \u00a0 Parce que l\u2019\u00e9valuation est \u00e0 la strat\u00e9gie, ce que les fondations sont \u00e0 une maison\u00a0! STRATEGIE Une strat\u00e9gie ambitieuse mais r\u00e9alisable Bas\u00e9e sur l\u2019innovation par l\u2019exp\u00e9rience Parce que tous les projets ont quelque chose [&hellip;]<\/p>\n","protected":false},"author":3,"featured_media":0,"parent":0,"menu_order":0,"comment_status":"closed","ping_status":"closed","template":"","meta":{"spay_email":"","footnotes":""},"class_list":["post-427","page","type-page","status-publish","hentry"],"yoast_head":"<!-- This site is optimized with the Yoast SEO plugin v18.3 - https:\/\/yoast.com\/wordpress\/plugins\/seo\/ -->\n<title>Notre m\u00e9tier -<\/title>\n<meta name=\"robots\" content=\"noindex, follow, max-snippet:-1, max-image-preview:large, max-video-preview:-1\" \/>\n<meta property=\"og:locale\" content=\"fr_FR\" \/>\n<meta property=\"og:type\" content=\"article\" \/>\n<meta property=\"og:title\" content=\"Notre m\u00e9tier -\" \/>\n<meta property=\"og:description\" content=\"EVALUATION Identifier les attentes, les \u00e9l\u00e9ments manquant \/ les faiblesses mais surtout les forces sur lesquelles s\u2019appuyer et les opportunit\u00e9s \u00a0 Parce que l\u2019\u00e9valuation est \u00e0 la strat\u00e9gie, ce que les fondations sont \u00e0 une maison\u00a0! STRATEGIE Une strat\u00e9gie ambitieuse mais r\u00e9alisable Bas\u00e9e sur l\u2019innovation par l\u2019exp\u00e9rience Parce que tous les projets ont quelque chose [&hellip;]\" \/>\n<meta property=\"og:url\" content=\"https:\/\/esamed.fr\/index.php\/notre-metier\/\" \/>\n<meta property=\"article:modified_time\" content=\"2022-04-07T10:47:21+00:00\" \/>\n<meta property=\"og:image\" content=\"https:\/\/esamed.fr\/wp-content\/uploads\/2022\/03\/A-propos-ESAMED.png\" \/>\n<meta name=\"twitter:card\" content=\"summary_large_image\" \/>\n<meta name=\"twitter:label1\" content=\"Dur\u00e9e de lecture estim\u00e9e\" \/>\n\t<meta name=\"twitter:data1\" content=\"1 minute\" \/>\n<script type=\"application\/ld+json\" class=\"yoast-schema-graph\">{\"@context\":\"https:\/\/schema.org\",\"@graph\":[{\"@type\":\"WebSite\",\"@id\":\"https:\/\/esamed.fr\/#website\",\"url\":\"https:\/\/esamed.fr\/\",\"name\":\"\",\"description\":\"\",\"potentialAction\":[{\"@type\":\"SearchAction\",\"target\":{\"@type\":\"EntryPoint\",\"urlTemplate\":\"https:\/\/esamed.fr\/?s={search_term_string}\"},\"query-input\":\"required name=search_term_string\"}],\"inLanguage\":\"fr-FR\"},{\"@type\":\"ImageObject\",\"@id\":\"https:\/\/esamed.fr\/index.php\/notre-metier\/#primaryimage\",\"inLanguage\":\"fr-FR\",\"url\":\"https:\/\/esamed.fr\/wp-content\/uploads\/2022\/03\/A-propos-ESAMED.png\",\"contentUrl\":\"https:\/\/esamed.fr\/wp-content\/uploads\/2022\/03\/A-propos-ESAMED.png\"},{\"@type\":\"WebPage\",\"@id\":\"https:\/\/esamed.fr\/index.php\/notre-metier\/#webpage\",\"url\":\"https:\/\/esamed.fr\/index.php\/notre-metier\/\",\"name\":\"Notre m\u00e9tier -\",\"isPartOf\":{\"@id\":\"https:\/\/esamed.fr\/#website\"},\"primaryImageOfPage\":{\"@id\":\"https:\/\/esamed.fr\/index.php\/notre-metier\/#primaryimage\"},\"datePublished\":\"2022-03-23T10:16:14+00:00\",\"dateModified\":\"2022-04-07T10:47:21+00:00\",\"breadcrumb\":{\"@id\":\"https:\/\/esamed.fr\/index.php\/notre-metier\/#breadcrumb\"},\"inLanguage\":\"fr-FR\",\"potentialAction\":[{\"@type\":\"ReadAction\",\"target\":[\"https:\/\/esamed.fr\/index.php\/notre-metier\/\"]}]},{\"@type\":\"BreadcrumbList\",\"@id\":\"https:\/\/esamed.fr\/index.php\/notre-metier\/#breadcrumb\",\"itemListElement\":[{\"@type\":\"ListItem\",\"position\":1,\"name\":\"Accueil\",\"item\":\"https:\/\/esamed.fr\/\"},{\"@type\":\"ListItem\",\"position\":2,\"name\":\"Notre m\u00e9tier\"}]}]}<\/script>\n<!-- \/ Yoast SEO plugin. -->","yoast_head_json":{"title":"Notre m\u00e9tier -","robots":{"index":"noindex","follow":"follow","max-snippet":"max-snippet:-1","max-image-preview":"max-image-preview:large","max-video-preview":"max-video-preview:-1"},"og_locale":"fr_FR","og_type":"article","og_title":"Notre m\u00e9tier -","og_description":"EVALUATION Identifier les attentes, les \u00e9l\u00e9ments manquant \/ les faiblesses mais surtout les forces sur lesquelles s\u2019appuyer et les opportunit\u00e9s \u00a0 Parce que l\u2019\u00e9valuation est \u00e0 la strat\u00e9gie, ce que les fondations sont \u00e0 une maison\u00a0! STRATEGIE Une strat\u00e9gie ambitieuse mais r\u00e9alisable Bas\u00e9e sur l\u2019innovation par l\u2019exp\u00e9rience Parce que tous les projets ont quelque chose [&hellip;]","og_url":"https:\/\/esamed.fr\/index.php\/notre-metier\/","article_modified_time":"2022-04-07T10:47:21+00:00","og_image":[{"url":"https:\/\/esamed.fr\/wp-content\/uploads\/2022\/03\/A-propos-ESAMED.png"}],"twitter_card":"summary_large_image","twitter_misc":{"Dur\u00e9e de lecture estim\u00e9e":"1 minute"},"schema":{"@context":"https:\/\/schema.org","@graph":[{"@type":"WebSite","@id":"https:\/\/esamed.fr\/#website","url":"https:\/\/esamed.fr\/","name":"","description":"","potentialAction":[{"@type":"SearchAction","target":{"@type":"EntryPoint","urlTemplate":"https:\/\/esamed.fr\/?s={search_term_string}"},"query-input":"required name=search_term_string"}],"inLanguage":"fr-FR"},{"@type":"ImageObject","@id":"https:\/\/esamed.fr\/index.php\/notre-metier\/#primaryimage","inLanguage":"fr-FR","url":"https:\/\/esamed.fr\/wp-content\/uploads\/2022\/03\/A-propos-ESAMED.png","contentUrl":"https:\/\/esamed.fr\/wp-content\/uploads\/2022\/03\/A-propos-ESAMED.png"},{"@type":"WebPage","@id":"https:\/\/esamed.fr\/index.php\/notre-metier\/#webpage","url":"https:\/\/esamed.fr\/index.php\/notre-metier\/","name":"Notre m\u00e9tier -","isPartOf":{"@id":"https:\/\/esamed.fr\/#website"},"primaryImageOfPage":{"@id":"https:\/\/esamed.fr\/index.php\/notre-metier\/#primaryimage"},"datePublished":"2022-03-23T10:16:14+00:00","dateModified":"2022-04-07T10:47:21+00:00","breadcrumb":{"@id":"https:\/\/esamed.fr\/index.php\/notre-metier\/#breadcrumb"},"inLanguage":"fr-FR","potentialAction":[{"@type":"ReadAction","target":["https:\/\/esamed.fr\/index.php\/notre-metier\/"]}]},{"@type":"BreadcrumbList","@id":"https:\/\/esamed.fr\/index.php\/notre-metier\/#breadcrumb","itemListElement":[{"@type":"ListItem","position":1,"name":"Accueil","item":"https:\/\/esamed.fr\/"},{"@type":"ListItem","position":2,"name":"Notre m\u00e9tier"}]}]}},"_links":{"self":[{"href":"https:\/\/esamed.fr\/index.php\/wp-json\/wp\/v2\/pages\/427","targetHints":{"allow":["GET"]}}],"collection":[{"href":"https:\/\/esamed.fr\/index.php\/wp-json\/wp\/v2\/pages"}],"about":[{"href":"https:\/\/esamed.fr\/index.php\/wp-json\/wp\/v2\/types\/page"}],"author":[{"embeddable":true,"href":"https:\/\/esamed.fr\/index.php\/wp-json\/wp\/v2\/users\/3"}],"replies":[{"embeddable":true,"href":"https:\/\/esamed.fr\/index.php\/wp-json\/wp\/v2\/comments?post=427"}],"version-history":[{"count":17,"href":"https:\/\/esamed.fr\/index.php\/wp-json\/wp\/v2\/pages\/427\/revisions"}],"predecessor-version":[{"id":591,"href":"https:\/\/esamed.fr\/index.php\/wp-json\/wp\/v2\/pages\/427\/revisions\/591"}],"wp:attachment":[{"href":"https:\/\/esamed.fr\/index.php\/wp-json\/wp\/v2\/media?parent=427"}],"curies":[{"name":"wp","href":"https:\/\/api.w.org\/{rel}","templated":true}]}}